{"id":65,"date":"2017-11-14T16:10:28","date_gmt":"2017-11-14T15:10:28","guid":{"rendered":"http:\/\/wbs2000.de\/architekt-4\/?page_id=65"},"modified":"2017-11-14T16:27:19","modified_gmt":"2017-11-14T15:27:19","slug":"responsive-design","status":"publish","type":"page","link":"https:\/\/wbs2000.de\/architekt-4\/responsive-design\/","title":{"rendered":"Responsive Design"},"content":{"rendered":"<div id=\"attachment_43\" style=\"width: 214px\" class=\"wp-caption alignleft\"><img aria-describedby=\"caption-attachment-43\" loading=\"lazy\" class=\"size-full wp-image-43\" src=\"https:\/\/wbs2000.de\/architekt-4\/wp-content\/uploads\/2017\/11\/responsive.jpg\" alt=\"Responsive\" width=\"204\" height=\"196\" \/><p id=\"caption-attachment-43\" class=\"wp-caption-text\">Responsive<\/p><\/div>\n<p>Internetnutzer m\u00f6chten heutzutage Web-Inhalte von unterwegs mit Ihrem Tablet oder mit Ihrem Handy schnell abrufen k\u00f6nnen. Da diese Ger\u00e4te unterschiedlich gro\u00dfe Darstellungsm\u00f6glichkeiten haben muss sich das Webdesign automatisch an das Ger\u00e4t anpassen k\u00f6nnen. Das responsive Design bietet genau diese M\u00f6glichkeit<\/p>\n<p>Daher ist dieses ein fester Bestandteil meiner Arbeit. Ich sorge daf\u00fcr, dass Ihre Website von Anfang an auf den g\u00e4ngigen Smartphones und Tablets funktioniert und korrekt dargestellt wird.<\/p>\n","protected":false},"excerpt":{"rendered":"<p>Internetnutzer m\u00f6chten heutzutage Web-Inhalte von unterwegs mit Ihrem Tablet oder mit Ihrem Handy schnell abrufen k\u00f6nnen. Da diese Ger\u00e4te unterschiedlich gro\u00dfe Darstellungsm\u00f6glichkeiten haben muss sich das Webdesign automatisch an das Ger\u00e4t anpassen k\u00f6nnen. Das responsive Design bietet genau diese M\u00f6glichkeit Daher ist dieses ein fester Bestandteil meiner Arbeit. Ich sorge daf\u00fcr, dass Ihre Website von Anfang an auf den g\u00e4ngigen Smartphones und Tablets funktioniert und korrekt dargestellt wird.<\/p>\n","protected":false},"author":1,"featured_media":0,"parent":0,"menu_order":0,"comment_status":"closed","ping_status":"closed","template":"","meta":[],"yoast_head":"<!-- This site is optimized with the Yoast SEO plugin v19.7.2 - https:\/\/yoast.com\/wordpress\/plugins\/seo\/ -->\n<title>Responsive Design - Architekt 4<\/title>\n<meta name=\"robots\" content=\"index, follow, max-snippet:-1, max-image-preview:large, max-video-preview:-1\" \/>\n<link rel=\"canonical\" href=\"https:\/\/wbs2000.de\/architekt-4\/responsive-design\/\" \/>\n<meta property=\"og:locale\" content=\"de_DE\" \/>\n<meta property=\"og:type\" content=\"article\" \/>\n<meta property=\"og:title\" content=\"Responsive Design - Architekt 4\" \/>\n<meta property=\"og:description\" content=\"Internetnutzer m\u00f6chten heutzutage Web-Inhalte von unterwegs mit Ihrem Tablet oder mit Ihrem Handy schnell abrufen k\u00f6nnen. Da diese Ger\u00e4te unterschiedlich gro\u00dfe Darstellungsm\u00f6glichkeiten haben muss sich das Webdesign automatisch an das Ger\u00e4t anpassen k\u00f6nnen. Das responsive Design bietet genau diese M\u00f6glichkeit Daher ist dieses ein fester Bestandteil meiner Arbeit. Ich sorge daf\u00fcr, dass Ihre Website von Anfang an auf den g\u00e4ngigen Smartphones und Tablets funktioniert und korrekt dargestellt wird.\" \/>\n<meta property=\"og:url\" content=\"https:\/\/wbs2000.de\/architekt-4\/responsive-design\/\" \/>\n<meta property=\"og:site_name\" content=\"Architekt 4\" \/>\n<meta property=\"article:modified_time\" content=\"2017-11-14T15:27:19+00:00\" \/>\n<meta property=\"og:image\" content=\"https:\/\/wbs2000.de\/architekt-4\/wp-content\/uploads\/2017\/11\/responsive.jpg\" \/>\n<meta name=\"twitter:card\" content=\"summary\" \/>\n<script type=\"application\/ld+json\" class=\"yoast-schema-graph\">{\"@context\":\"https:\/\/schema.org\",\"@graph\":[{\"@type\":\"WebPage\",\"@id\":\"https:\/\/wbs2000.de\/architekt-4\/responsive-design\/\",\"url\":\"https:\/\/wbs2000.de\/architekt-4\/responsive-design\/\",\"name\":\"Responsive Design - Architekt 4\",\"isPartOf\":{\"@id\":\"https:\/\/wbs2000.de\/architekt-4\/#website\"},\"datePublished\":\"2017-11-14T15:10:28+00:00\",\"dateModified\":\"2017-11-14T15:27:19+00:00\",\"breadcrumb\":{\"@id\":\"https:\/\/wbs2000.de\/architekt-4\/responsive-design\/#breadcrumb\"},\"inLanguage\":\"de\",\"potentialAction\":[{\"@type\":\"ReadAction\",\"target\":[\"https:\/\/wbs2000.de\/architekt-4\/responsive-design\/\"]}]},{\"@type\":\"BreadcrumbList\",\"@id\":\"https:\/\/wbs2000.de\/architekt-4\/responsive-design\/#breadcrumb\",\"itemListElement\":[{\"@type\":\"ListItem\",\"position\":1,\"name\":\"Startseite\",\"item\":\"https:\/\/wbs2000.de\/architekt-4\/\"},{\"@type\":\"ListItem\",\"position\":2,\"name\":\"Responsive Design\"}]},{\"@type\":\"WebSite\",\"@id\":\"https:\/\/wbs2000.de\/architekt-4\/#website\",\"url\":\"https:\/\/wbs2000.de\/architekt-4\/\",\"name\":\"Architekt 4\",\"description\":\"Website Vorlage - Architekt 4\",\"publisher\":{\"@id\":\"https:\/\/wbs2000.de\/architekt-4\/#organization\"},\"potentialAction\":[{\"@type\":\"SearchAction\",\"target\":{\"@type\":\"EntryPoint\",\"urlTemplate\":\"https:\/\/wbs2000.de\/architekt-4\/?s={search_term_string}\"},\"query-input\":\"required name=search_term_string\"}],\"inLanguage\":\"de\"},{\"@type\":\"Organization\",\"@id\":\"https:\/\/wbs2000.de\/architekt-4\/#organization\",\"name\":\"WBS\",\"url\":\"https:\/\/wbs2000.de\/architekt-4\/\",\"sameAs\":[],\"logo\":{\"@type\":\"ImageObject\",\"inLanguage\":\"de\",\"@id\":\"https:\/\/wbs2000.de\/architekt-4\/#\/schema\/logo\/image\/\",\"url\":\"https:\/\/wbs2000.de\/architekt-4\/wp-content\/uploads\/2017\/11\/logo-250.jpg\",\"contentUrl\":\"https:\/\/wbs2000.de\/architekt-4\/wp-content\/uploads\/2017\/11\/logo-250.jpg\",\"width\":250,\"height\":60,\"caption\":\"WBS\"},\"image\":{\"@id\":\"https:\/\/wbs2000.de\/architekt-4\/#\/schema\/logo\/image\/\"}}]}<\/script>\n<!-- \/ Yoast SEO plugin. -->","yoast_head_json":{"title":"Responsive Design - Architekt 4","robots":{"index":"index","follow":"follow","max-snippet":"max-snippet:-1","max-image-preview":"max-image-preview:large","max-video-preview":"max-video-preview:-1"},"canonical":"https:\/\/wbs2000.de\/architekt-4\/responsive-design\/","og_locale":"de_DE","og_type":"article","og_title":"Responsive Design - Architekt 4","og_description":"Internetnutzer m\u00f6chten heutzutage Web-Inhalte von unterwegs mit Ihrem Tablet oder mit Ihrem Handy schnell abrufen k\u00f6nnen. Da diese Ger\u00e4te unterschiedlich gro\u00dfe Darstellungsm\u00f6glichkeiten haben muss sich das Webdesign automatisch an das Ger\u00e4t anpassen k\u00f6nnen. Das responsive Design bietet genau diese M\u00f6glichkeit Daher ist dieses ein fester Bestandteil meiner Arbeit. Ich sorge daf\u00fcr, dass Ihre Website von Anfang an auf den g\u00e4ngigen Smartphones und Tablets funktioniert und korrekt dargestellt wird.","og_url":"https:\/\/wbs2000.de\/architekt-4\/responsive-design\/","og_site_name":"Architekt 4","article_modified_time":"2017-11-14T15:27:19+00:00","og_image":[{"url":"https:\/\/wbs2000.de\/architekt-4\/wp-content\/uploads\/2017\/11\/responsive.jpg"}],"twitter_card":"summary","schema":{"@context":"https:\/\/schema.org","@graph":[{"@type":"WebPage","@id":"https:\/\/wbs2000.de\/architekt-4\/responsive-design\/","url":"https:\/\/wbs2000.de\/architekt-4\/responsive-design\/","name":"Responsive Design - Architekt 4","isPartOf":{"@id":"https:\/\/wbs2000.de\/architekt-4\/#website"},"datePublished":"2017-11-14T15:10:28+00:00","dateModified":"2017-11-14T15:27:19+00:00","breadcrumb":{"@id":"https:\/\/wbs2000.de\/architekt-4\/responsive-design\/#breadcrumb"},"inLanguage":"de","potentialAction":[{"@type":"ReadAction","target":["https:\/\/wbs2000.de\/architekt-4\/responsive-design\/"]}]},{"@type":"BreadcrumbList","@id":"https:\/\/wbs2000.de\/architekt-4\/responsive-design\/#breadcrumb","itemListElement":[{"@type":"ListItem","position":1,"name":"Startseite","item":"https:\/\/wbs2000.de\/architekt-4\/"},{"@type":"ListItem","position":2,"name":"Responsive Design"}]},{"@type":"WebSite","@id":"https:\/\/wbs2000.de\/architekt-4\/#website","url":"https:\/\/wbs2000.de\/architekt-4\/","name":"Architekt 4","description":"Website Vorlage - Architekt 4","publisher":{"@id":"https:\/\/wbs2000.de\/architekt-4\/#organization"},"potentialAction":[{"@type":"SearchAction","target":{"@type":"EntryPoint","urlTemplate":"https:\/\/wbs2000.de\/architekt-4\/?s={search_term_string}"},"query-input":"required name=search_term_string"}],"inLanguage":"de"},{"@type":"Organization","@id":"https:\/\/wbs2000.de\/architekt-4\/#organization","name":"WBS","url":"https:\/\/wbs2000.de\/architekt-4\/","sameAs":[],"logo":{"@type":"ImageObject","inLanguage":"de","@id":"https:\/\/wbs2000.de\/architekt-4\/#\/schema\/logo\/image\/","url":"https:\/\/wbs2000.de\/architekt-4\/wp-content\/uploads\/2017\/11\/logo-250.jpg","contentUrl":"https:\/\/wbs2000.de\/architekt-4\/wp-content\/uploads\/2017\/11\/logo-250.jpg","width":250,"height":60,"caption":"WBS"},"image":{"@id":"https:\/\/wbs2000.de\/architekt-4\/#\/schema\/logo\/image\/"}}]}},"_links":{"self":[{"href":"https:\/\/wbs2000.de\/architekt-4\/wp-json\/wp\/v2\/pages\/65"}],"collection":[{"href":"https:\/\/wbs2000.de\/architekt-4\/wp-json\/wp\/v2\/pages"}],"about":[{"href":"https:\/\/wbs2000.de\/architekt-4\/wp-json\/wp\/v2\/types\/page"}],"author":[{"embeddable":true,"href":"https:\/\/wbs2000.de\/architekt-4\/wp-json\/wp\/v2\/users\/1"}],"replies":[{"embeddable":true,"href":"https:\/\/wbs2000.de\/architekt-4\/wp-json\/wp\/v2\/comments?post=65"}],"version-history":[{"count":2,"href":"https:\/\/wbs2000.de\/architekt-4\/wp-json\/wp\/v2\/pages\/65\/revisions"}],"predecessor-version":[{"id":70,"href":"https:\/\/wbs2000.de\/architekt-4\/wp-json\/wp\/v2\/pages\/65\/revisions\/70"}],"wp:attachment":[{"href":"https:\/\/wbs2000.de\/architekt-4\/wp-json\/wp\/v2\/media?parent=65"}],"curies":[{"name":"wp","href":"https:\/\/api.w.org\/{rel}","templated":true}]}}