{"id":38,"date":"2017-11-11T19:21:59","date_gmt":"2017-11-11T18:21:59","guid":{"rendered":"http:\/\/wbs2000.de\/architekt-4\/?page_id=38"},"modified":"2017-11-15T16:52:16","modified_gmt":"2017-11-15T15:52:16","slug":"seo-optimiert","status":"publish","type":"page","link":"https:\/\/wbs2000.de\/architekt-4\/seo-optimiert\/","title":{"rendered":"Seo optimiert"},"content":{"rendered":"<p><img loading=\"lazy\" class=\"alignleft size-full wp-image-41\" src=\"https:\/\/wbs2000.de\/architekt-4\/wp-content\/uploads\/2017\/11\/local-seo.jpg\" alt=\"\" width=\"204\" height=\"196\" \/>Schon bei der Erstellung Ihrer Website sorge ich daf\u00fcr das Ihre Website k\u00fcnftig schnell und gut im World Wide Web gefunden werden kann. Der Schl\u00fcssel zum Erfolg hei\u00dft Suchmaschinenoptimierung, auch SEO genannt.<\/p>\n<p><strong>OnPage Optimierung:<\/strong><\/p>\n<p>Hierunter fallen alle Ma\u00dfnahmen die auf der eigenen Website vorgenommen werd, wie zum Beispiel korrektes HTML oder wohldurchdachte Bezeichnungen f\u00fcr Seitentitel, \u00dcberschriften und der gleichen.<\/p>\n<p>F\u00fcr eine gute SEO ist die On-Page Optimierung das Fundament. Erst wenn diese gut umgesetzt ist, lohnt es sich um sich um die Off-Page Optimierung zu k\u00fcmmern. Der Bereich der One-Page Optimierung ist sehr techniklastig, was einen erfahrenen Webentwickler voraussetzt.<\/p>\n<p>Aber auch nach eine gute Programmierung m\u00fcssen die Beitr\u00e4ge und Seiten SEO optimiert werden. Zum Beispiel kann;<\/p>\n<ul>\n<li>der Seitentitel oder Beitragtitel nicht unabh\u00e4ngig von der Haupt\u00fcberschrift gew\u00e4hlt werden;<\/li>\n<li>die Meta-Description (Kurzbeschreibung des Textes) kann man nur schwer unabh\u00e4ngig vom Beitrags- oder Seitentext vorab programmieren. Diese ist aber sehr wichtig weil sie in den Suchergebnissen angezeigt wird.<\/li>\n<\/ul>\n<p>Damit Sie auch zuk\u00fcnftig Ihre selbstver\u00f6ffentlichte Beitr\u00e4ge optimieren k\u00f6nnen, liefere ich Ihre Website mit einem speziellem Hilfsmittel (Plugin) zur Suchmaschinenoptimierung.<\/p>\n<p>Dieses SEO-Plugin arbeitet mit einem Ampelsystem. Gr\u00fcn ist also gut, bei rot scheint noch etwas nicht zu passen. So einfach und simpel kann die Suchmaschinenoptimierug sein!<\/p>\n","protected":false},"excerpt":{"rendered":"<p>Schon bei der Erstellung Ihrer Website sorge ich daf\u00fcr das Ihre Website k\u00fcnftig schnell und gut im World Wide Web gefunden werden kann. Der Schl\u00fcssel zum Erfolg hei\u00dft Suchmaschinenoptimierung, auch SEO genannt. OnPage Optimierung: Hierunter fallen alle Ma\u00dfnahmen die auf der eigenen Website vorgenommen werd, wie zum Beispiel korrektes HTML oder wohldurchdachte Bezeichnungen f\u00fcr Seitentitel, \u00dcberschriften und der gleichen. F\u00fcr eine gute SEO ist die On-Page Optimierung das Fundament. Erst wenn diese gut umgesetzt ist, lohnt es sich um sich um die Off-Page Optimierung zu k\u00fcmmern. Der Bereich der One-Page Optimierung ist sehr techniklastig, was einen erfahrenen Webentwickler voraussetzt. Aber auch nach eine gute Programmierung m\u00fcssen die Beitr\u00e4ge und Seiten SEO optimiert werden. Zum Beispiel kann; der Seitentitel oder Beitragtitel&#8230; <\/p>\n","protected":false},"author":1,"featured_media":0,"parent":0,"menu_order":0,"comment_status":"closed","ping_status":"closed","template":"","meta":[],"yoast_head":"<!-- This site is optimized with the Yoast SEO plugin v19.7.2 - https:\/\/yoast.com\/wordpress\/plugins\/seo\/ -->\n<title>Seo optimiert - Architekt 4<\/title>\n<meta name=\"robots\" content=\"index, follow, max-snippet:-1, max-image-preview:large, max-video-preview:-1\" \/>\n<link rel=\"canonical\" href=\"https:\/\/wbs2000.de\/architekt-4\/seo-optimiert\/\" \/>\n<meta property=\"og:locale\" content=\"de_DE\" \/>\n<meta property=\"og:type\" content=\"article\" \/>\n<meta property=\"og:title\" content=\"Seo optimiert - Architekt 4\" \/>\n<meta property=\"og:description\" content=\"Schon bei der Erstellung Ihrer Website sorge ich daf\u00fcr das Ihre Website k\u00fcnftig schnell und gut im World Wide Web gefunden werden kann. Der Schl\u00fcssel zum Erfolg hei\u00dft Suchmaschinenoptimierung, auch SEO genannt. OnPage Optimierung: Hierunter fallen alle Ma\u00dfnahmen die auf der eigenen Website vorgenommen werd, wie zum Beispiel korrektes HTML oder wohldurchdachte Bezeichnungen f\u00fcr Seitentitel, \u00dcberschriften und der gleichen. F\u00fcr eine gute SEO ist die On-Page Optimierung das Fundament. Erst wenn diese gut umgesetzt ist, lohnt es sich um sich um die Off-Page Optimierung zu k\u00fcmmern. Der Bereich der One-Page Optimierung ist sehr techniklastig, was einen erfahrenen Webentwickler voraussetzt. Aber auch nach eine gute Programmierung m\u00fcssen die Beitr\u00e4ge und Seiten SEO optimiert werden. Zum Beispiel kann; der Seitentitel oder Beitragtitel...\" \/>\n<meta property=\"og:url\" content=\"https:\/\/wbs2000.de\/architekt-4\/seo-optimiert\/\" \/>\n<meta property=\"og:site_name\" content=\"Architekt 4\" \/>\n<meta property=\"article:modified_time\" content=\"2017-11-15T15:52:16+00:00\" \/>\n<meta property=\"og:image\" content=\"https:\/\/wbs2000.de\/architekt-4\/wp-content\/uploads\/2017\/11\/local-seo.jpg\" \/>\n<meta name=\"twitter:card\" content=\"summary\" \/>\n<meta name=\"twitter:label1\" content=\"Gesch\u00e4tzte Lesezeit\" \/>\n\t<meta name=\"twitter:data1\" content=\"1\u00a0Minute\" \/>\n<script type=\"application\/ld+json\" class=\"yoast-schema-graph\">{\"@context\":\"https:\/\/schema.org\",\"@graph\":[{\"@type\":\"WebPage\",\"@id\":\"https:\/\/wbs2000.de\/architekt-4\/seo-optimiert\/\",\"url\":\"https:\/\/wbs2000.de\/architekt-4\/seo-optimiert\/\",\"name\":\"Seo optimiert - Architekt 4\",\"isPartOf\":{\"@id\":\"https:\/\/wbs2000.de\/architekt-4\/#website\"},\"datePublished\":\"2017-11-11T18:21:59+00:00\",\"dateModified\":\"2017-11-15T15:52:16+00:00\",\"breadcrumb\":{\"@id\":\"https:\/\/wbs2000.de\/architekt-4\/seo-optimiert\/#breadcrumb\"},\"inLanguage\":\"de\",\"potentialAction\":[{\"@type\":\"ReadAction\",\"target\":[\"https:\/\/wbs2000.de\/architekt-4\/seo-optimiert\/\"]}]},{\"@type\":\"BreadcrumbList\",\"@id\":\"https:\/\/wbs2000.de\/architekt-4\/seo-optimiert\/#breadcrumb\",\"itemListElement\":[{\"@type\":\"ListItem\",\"position\":1,\"name\":\"Startseite\",\"item\":\"https:\/\/wbs2000.de\/architekt-4\/\"},{\"@type\":\"ListItem\",\"position\":2,\"name\":\"Seo optimiert\"}]},{\"@type\":\"WebSite\",\"@id\":\"https:\/\/wbs2000.de\/architekt-4\/#website\",\"url\":\"https:\/\/wbs2000.de\/architekt-4\/\",\"name\":\"Architekt 4\",\"description\":\"Website Vorlage - Architekt 4\",\"publisher\":{\"@id\":\"https:\/\/wbs2000.de\/architekt-4\/#organization\"},\"potentialAction\":[{\"@type\":\"SearchAction\",\"target\":{\"@type\":\"EntryPoint\",\"urlTemplate\":\"https:\/\/wbs2000.de\/architekt-4\/?s={search_term_string}\"},\"query-input\":\"required name=search_term_string\"}],\"inLanguage\":\"de\"},{\"@type\":\"Organization\",\"@id\":\"https:\/\/wbs2000.de\/architekt-4\/#organization\",\"name\":\"WBS\",\"url\":\"https:\/\/wbs2000.de\/architekt-4\/\",\"sameAs\":[],\"logo\":{\"@type\":\"ImageObject\",\"inLanguage\":\"de\",\"@id\":\"https:\/\/wbs2000.de\/architekt-4\/#\/schema\/logo\/image\/\",\"url\":\"https:\/\/wbs2000.de\/architekt-4\/wp-content\/uploads\/2017\/11\/logo-250.jpg\",\"contentUrl\":\"https:\/\/wbs2000.de\/architekt-4\/wp-content\/uploads\/2017\/11\/logo-250.jpg\",\"width\":250,\"height\":60,\"caption\":\"WBS\"},\"image\":{\"@id\":\"https:\/\/wbs2000.de\/architekt-4\/#\/schema\/logo\/image\/\"}}]}<\/script>\n<!-- \/ Yoast SEO plugin. -->","yoast_head_json":{"title":"Seo optimiert - Architekt 4","robots":{"index":"index","follow":"follow","max-snippet":"max-snippet:-1","max-image-preview":"max-image-preview:large","max-video-preview":"max-video-preview:-1"},"canonical":"https:\/\/wbs2000.de\/architekt-4\/seo-optimiert\/","og_locale":"de_DE","og_type":"article","og_title":"Seo optimiert - Architekt 4","og_description":"Schon bei der Erstellung Ihrer Website sorge ich daf\u00fcr das Ihre Website k\u00fcnftig schnell und gut im World Wide Web gefunden werden kann. Der Schl\u00fcssel zum Erfolg hei\u00dft Suchmaschinenoptimierung, auch SEO genannt. OnPage Optimierung: Hierunter fallen alle Ma\u00dfnahmen die auf der eigenen Website vorgenommen werd, wie zum Beispiel korrektes HTML oder wohldurchdachte Bezeichnungen f\u00fcr Seitentitel, \u00dcberschriften und der gleichen. F\u00fcr eine gute SEO ist die On-Page Optimierung das Fundament. Erst wenn diese gut umgesetzt ist, lohnt es sich um sich um die Off-Page Optimierung zu k\u00fcmmern. Der Bereich der One-Page Optimierung ist sehr techniklastig, was einen erfahrenen Webentwickler voraussetzt. Aber auch nach eine gute Programmierung m\u00fcssen die Beitr\u00e4ge und Seiten SEO optimiert werden. Zum Beispiel kann; der Seitentitel oder Beitragtitel...","og_url":"https:\/\/wbs2000.de\/architekt-4\/seo-optimiert\/","og_site_name":"Architekt 4","article_modified_time":"2017-11-15T15:52:16+00:00","og_image":[{"url":"https:\/\/wbs2000.de\/architekt-4\/wp-content\/uploads\/2017\/11\/local-seo.jpg"}],"twitter_card":"summary","twitter_misc":{"Gesch\u00e4tzte Lesezeit":"1\u00a0Minute"},"schema":{"@context":"https:\/\/schema.org","@graph":[{"@type":"WebPage","@id":"https:\/\/wbs2000.de\/architekt-4\/seo-optimiert\/","url":"https:\/\/wbs2000.de\/architekt-4\/seo-optimiert\/","name":"Seo optimiert - Architekt 4","isPartOf":{"@id":"https:\/\/wbs2000.de\/architekt-4\/#website"},"datePublished":"2017-11-11T18:21:59+00:00","dateModified":"2017-11-15T15:52:16+00:00","breadcrumb":{"@id":"https:\/\/wbs2000.de\/architekt-4\/seo-optimiert\/#breadcrumb"},"inLanguage":"de","potentialAction":[{"@type":"ReadAction","target":["https:\/\/wbs2000.de\/architekt-4\/seo-optimiert\/"]}]},{"@type":"BreadcrumbList","@id":"https:\/\/wbs2000.de\/architekt-4\/seo-optimiert\/#breadcrumb","itemListElement":[{"@type":"ListItem","position":1,"name":"Startseite","item":"https:\/\/wbs2000.de\/architekt-4\/"},{"@type":"ListItem","position":2,"name":"Seo optimiert"}]},{"@type":"WebSite","@id":"https:\/\/wbs2000.de\/architekt-4\/#website","url":"https:\/\/wbs2000.de\/architekt-4\/","name":"Architekt 4","description":"Website Vorlage - Architekt 4","publisher":{"@id":"https:\/\/wbs2000.de\/architekt-4\/#organization"},"potentialAction":[{"@type":"SearchAction","target":{"@type":"EntryPoint","urlTemplate":"https:\/\/wbs2000.de\/architekt-4\/?s={search_term_string}"},"query-input":"required name=search_term_string"}],"inLanguage":"de"},{"@type":"Organization","@id":"https:\/\/wbs2000.de\/architekt-4\/#organization","name":"WBS","url":"https:\/\/wbs2000.de\/architekt-4\/","sameAs":[],"logo":{"@type":"ImageObject","inLanguage":"de","@id":"https:\/\/wbs2000.de\/architekt-4\/#\/schema\/logo\/image\/","url":"https:\/\/wbs2000.de\/architekt-4\/wp-content\/uploads\/2017\/11\/logo-250.jpg","contentUrl":"https:\/\/wbs2000.de\/architekt-4\/wp-content\/uploads\/2017\/11\/logo-250.jpg","width":250,"height":60,"caption":"WBS"},"image":{"@id":"https:\/\/wbs2000.de\/architekt-4\/#\/schema\/logo\/image\/"}}]}},"_links":{"self":[{"href":"https:\/\/wbs2000.de\/architekt-4\/wp-json\/wp\/v2\/pages\/38"}],"collection":[{"href":"https:\/\/wbs2000.de\/architekt-4\/wp-json\/wp\/v2\/pages"}],"about":[{"href":"https:\/\/wbs2000.de\/architekt-4\/wp-json\/wp\/v2\/types\/page"}],"author":[{"embeddable":true,"href":"https:\/\/wbs2000.de\/architekt-4\/wp-json\/wp\/v2\/users\/1"}],"replies":[{"embeddable":true,"href":"https:\/\/wbs2000.de\/architekt-4\/wp-json\/wp\/v2\/comments?post=38"}],"version-history":[{"count":8,"href":"https:\/\/wbs2000.de\/architekt-4\/wp-json\/wp\/v2\/pages\/38\/revisions"}],"predecessor-version":[{"id":101,"href":"https:\/\/wbs2000.de\/architekt-4\/wp-json\/wp\/v2\/pages\/38\/revisions\/101"}],"wp:attachment":[{"href":"https:\/\/wbs2000.de\/architekt-4\/wp-json\/wp\/v2\/media?parent=38"}],"curies":[{"name":"wp","href":"https:\/\/api.w.org\/{rel}","templated":true}]}}