{"id":134,"date":"2018-01-04T11:51:29","date_gmt":"2018-01-04T10:51:29","guid":{"rendered":"http:\/\/wbs2000.de\/architekt-4\/?page_id=134"},"modified":"2019-05-07T16:18:44","modified_gmt":"2019-05-07T14:18:44","slug":"datenschutz","status":"publish","type":"page","link":"https:\/\/wbs2000.de\/architekt-4\/datenschutz\/","title":{"rendered":"Datenschutz"},"content":{"rendered":"<h3>Datenschutzerkl\u00e4rung<\/h3>\n<p>Durch die Nutzung dieser Website erkl\u00e4ren Sie sich mit der Erhebung, Verarbeitung und Nutzung von Daten gem\u00e4\u00df der nachfolgenden Beschreibung einverstanden.<\/p>\n<p>Unsere Website kann grunds\u00e4tzlich ohne Angabe personenbezogener Daten besucht werden. Dabei werden Daten wie beispielsweise aufgerufene Seiten bzw. Namen der abgerufenen Datei, Datum und Uhrzeit zu statistischen Zwecken auf dem Server gespeichert, ohne dass diese Daten unmittelbar auf Ihre Person bezogen werden.<\/p>\n<p>Personenbezogene Daten, insbesondere Name, Adresse und E-Mail-Adresse werden auf freiwilliger Basis bei der Nutzung unseres Kontaktformulars erhoben. Ohne Ihre Einwilligung erfolgt keine Weitergabe der Daten an Dritte.<\/p>\n<p>Wir weisen ausdr\u00fccklich darauf hin, dass die Daten\u00fcbertragung im Internet (z.B. bei der Kommunikation per E-Mail) Sicherheitsl\u00fccken aufweisen kann. Ein l\u00fcckenloser Schutz der Daten vor dem Zugriff durch Dritte ist nicht m\u00f6glich.<\/p>\n<h4><strong>Server-Log-Files<\/strong><\/h4>\n<p>Unser Provider erhebt und speichert automatisch Informationen in so genannten Server-Log Files, die Ihr Browser automatisch \u00fcbermittelt. Dies sind:<\/p>\n<ul>\n<li>Browsertyp \/ Browserversion<\/li>\n<li>verwendetes Betriebssystem<\/li>\n<li>Referrer URL<\/li>\n<li>Hostname des zugreifenden Rechners<\/li>\n<li>Uhrzeit der Serveranfrage<\/li>\n<\/ul>\n<p>Diese Daten sind nicht bestimmten Personen zuordenbar. Eine Zusammenf\u00fchrung dieser Daten mit anderen Datenquellen wird nicht vorgenommen. Der Provider beh\u00e4lt sich vor \/ Wir behalten uns vor, diese Daten nachtr\u00e4glich zu pr\u00fcfen, wenn uns konkrete Anhaltspunkte f\u00fcr eine rechtswidrige Nutzung bekannt werden.<\/p>\n","protected":false},"excerpt":{"rendered":"<p>Datenschutzerkl\u00e4rung Durch die Nutzung dieser Website erkl\u00e4ren Sie sich mit der Erhebung, Verarbeitung und Nutzung von Daten gem\u00e4\u00df der nachfolgenden Beschreibung einverstanden. Unsere Website kann grunds\u00e4tzlich ohne Angabe personenbezogener Daten besucht werden. Dabei werden Daten wie beispielsweise aufgerufene Seiten bzw. Namen der abgerufenen Datei, Datum und Uhrzeit zu statistischen Zwecken auf dem Server gespeichert, ohne dass diese Daten unmittelbar auf Ihre Person bezogen werden. Personenbezogene Daten, insbesondere Name, Adresse und E-Mail-Adresse werden auf freiwilliger Basis bei der Nutzung unseres Kontaktformulars erhoben. Ohne Ihre Einwilligung erfolgt keine Weitergabe der Daten an Dritte. Wir weisen ausdr\u00fccklich darauf hin, dass die Daten\u00fcbertragung im Internet (z.B. bei der Kommunikation per E-Mail) Sicherheitsl\u00fccken aufweisen kann. Ein l\u00fcckenloser Schutz der Daten vor dem Zugriff durch Dritte&#8230; <\/p>\n","protected":false},"author":1,"featured_media":0,"parent":0,"menu_order":0,"comment_status":"closed","ping_status":"closed","template":"","meta":[],"yoast_head":"<!-- This site is optimized with the Yoast SEO plugin v19.7.2 - https:\/\/yoast.com\/wordpress\/plugins\/seo\/ -->\n<title>Datenschutz, Datenschutzerkl\u00e4rung, Personenbezogene Daten<\/title>\n<meta name=\"description\" content=\"Datenschutz, Datenschutzerkl\u00e4rung, Personenbezogene Daten, Nutzung unseres Kontaktformulars, Google Web Fonts implementiert, Nutzungsbedingungen von Google Maps\" \/>\n<meta name=\"robots\" content=\"index, follow, max-snippet:-1, max-image-preview:large, max-video-preview:-1\" \/>\n<link rel=\"canonical\" href=\"https:\/\/wbs2000.de\/architekt-4\/datenschutz\/\" \/>\n<meta property=\"og:locale\" content=\"de_DE\" \/>\n<meta property=\"og:type\" content=\"article\" \/>\n<meta property=\"og:title\" content=\"Datenschutz, Datenschutzerkl\u00e4rung, Personenbezogene Daten\" \/>\n<meta property=\"og:description\" content=\"Datenschutz, Datenschutzerkl\u00e4rung, Personenbezogene Daten, Nutzung unseres Kontaktformulars, Google Web Fonts implementiert, Nutzungsbedingungen von Google Maps\" \/>\n<meta property=\"og:url\" content=\"https:\/\/wbs2000.de\/architekt-4\/datenschutz\/\" \/>\n<meta property=\"og:site_name\" content=\"Architekt 4\" \/>\n<meta property=\"article:modified_time\" content=\"2019-05-07T14:18:44+00:00\" \/>\n<meta name=\"twitter:card\" content=\"summary\" \/>\n<meta name=\"twitter:label1\" content=\"Gesch\u00e4tzte Lesezeit\" \/>\n\t<meta name=\"twitter:data1\" content=\"1\u00a0Minute\" \/>\n<script type=\"application\/ld+json\" class=\"yoast-schema-graph\">{\"@context\":\"https:\/\/schema.org\",\"@graph\":[{\"@type\":\"WebPage\",\"@id\":\"https:\/\/wbs2000.de\/architekt-4\/datenschutz\/\",\"url\":\"https:\/\/wbs2000.de\/architekt-4\/datenschutz\/\",\"name\":\"Datenschutz, Datenschutzerkl\u00e4rung, Personenbezogene Daten\",\"isPartOf\":{\"@id\":\"https:\/\/wbs2000.de\/architekt-4\/#website\"},\"datePublished\":\"2018-01-04T10:51:29+00:00\",\"dateModified\":\"2019-05-07T14:18:44+00:00\",\"description\":\"Datenschutz, Datenschutzerkl\u00e4rung, Personenbezogene Daten, Nutzung unseres Kontaktformulars, Google Web Fonts implementiert, Nutzungsbedingungen von Google Maps\",\"breadcrumb\":{\"@id\":\"https:\/\/wbs2000.de\/architekt-4\/datenschutz\/#breadcrumb\"},\"inLanguage\":\"de\",\"potentialAction\":[{\"@type\":\"ReadAction\",\"target\":[\"https:\/\/wbs2000.de\/architekt-4\/datenschutz\/\"]}]},{\"@type\":\"BreadcrumbList\",\"@id\":\"https:\/\/wbs2000.de\/architekt-4\/datenschutz\/#breadcrumb\",\"itemListElement\":[{\"@type\":\"ListItem\",\"position\":1,\"name\":\"Startseite\",\"item\":\"https:\/\/wbs2000.de\/architekt-4\/\"},{\"@type\":\"ListItem\",\"position\":2,\"name\":\"Datenschutz\"}]},{\"@type\":\"WebSite\",\"@id\":\"https:\/\/wbs2000.de\/architekt-4\/#website\",\"url\":\"https:\/\/wbs2000.de\/architekt-4\/\",\"name\":\"Architekt 4\",\"description\":\"Website Vorlage - Architekt 4\",\"publisher\":{\"@id\":\"https:\/\/wbs2000.de\/architekt-4\/#organization\"},\"potentialAction\":[{\"@type\":\"SearchAction\",\"target\":{\"@type\":\"EntryPoint\",\"urlTemplate\":\"https:\/\/wbs2000.de\/architekt-4\/?s={search_term_string}\"},\"query-input\":\"required name=search_term_string\"}],\"inLanguage\":\"de\"},{\"@type\":\"Organization\",\"@id\":\"https:\/\/wbs2000.de\/architekt-4\/#organization\",\"name\":\"WBS\",\"url\":\"https:\/\/wbs2000.de\/architekt-4\/\",\"sameAs\":[],\"logo\":{\"@type\":\"ImageObject\",\"inLanguage\":\"de\",\"@id\":\"https:\/\/wbs2000.de\/architekt-4\/#\/schema\/logo\/image\/\",\"url\":\"https:\/\/wbs2000.de\/architekt-4\/wp-content\/uploads\/2017\/11\/logo-250.jpg\",\"contentUrl\":\"https:\/\/wbs2000.de\/architekt-4\/wp-content\/uploads\/2017\/11\/logo-250.jpg\",\"width\":250,\"height\":60,\"caption\":\"WBS\"},\"image\":{\"@id\":\"https:\/\/wbs2000.de\/architekt-4\/#\/schema\/logo\/image\/\"}}]}<\/script>\n<!-- \/ Yoast SEO plugin. -->","yoast_head_json":{"title":"Datenschutz, Datenschutzerkl\u00e4rung, Personenbezogene Daten","description":"Datenschutz, Datenschutzerkl\u00e4rung, Personenbezogene Daten, Nutzung unseres Kontaktformulars, Google Web Fonts implementiert, Nutzungsbedingungen von Google Maps","robots":{"index":"index","follow":"follow","max-snippet":"max-snippet:-1","max-image-preview":"max-image-preview:large","max-video-preview":"max-video-preview:-1"},"canonical":"https:\/\/wbs2000.de\/architekt-4\/datenschutz\/","og_locale":"de_DE","og_type":"article","og_title":"Datenschutz, Datenschutzerkl\u00e4rung, Personenbezogene Daten","og_description":"Datenschutz, Datenschutzerkl\u00e4rung, Personenbezogene Daten, Nutzung unseres Kontaktformulars, Google Web Fonts implementiert, Nutzungsbedingungen von Google Maps","og_url":"https:\/\/wbs2000.de\/architekt-4\/datenschutz\/","og_site_name":"Architekt 4","article_modified_time":"2019-05-07T14:18:44+00:00","twitter_card":"summary","twitter_misc":{"Gesch\u00e4tzte Lesezeit":"1\u00a0Minute"},"schema":{"@context":"https:\/\/schema.org","@graph":[{"@type":"WebPage","@id":"https:\/\/wbs2000.de\/architekt-4\/datenschutz\/","url":"https:\/\/wbs2000.de\/architekt-4\/datenschutz\/","name":"Datenschutz, Datenschutzerkl\u00e4rung, Personenbezogene Daten","isPartOf":{"@id":"https:\/\/wbs2000.de\/architekt-4\/#website"},"datePublished":"2018-01-04T10:51:29+00:00","dateModified":"2019-05-07T14:18:44+00:00","description":"Datenschutz, Datenschutzerkl\u00e4rung, Personenbezogene Daten, Nutzung unseres Kontaktformulars, Google Web Fonts implementiert, Nutzungsbedingungen von Google Maps","breadcrumb":{"@id":"https:\/\/wbs2000.de\/architekt-4\/datenschutz\/#breadcrumb"},"inLanguage":"de","potentialAction":[{"@type":"ReadAction","target":["https:\/\/wbs2000.de\/architekt-4\/datenschutz\/"]}]},{"@type":"BreadcrumbList","@id":"https:\/\/wbs2000.de\/architekt-4\/datenschutz\/#breadcrumb","itemListElement":[{"@type":"ListItem","position":1,"name":"Startseite","item":"https:\/\/wbs2000.de\/architekt-4\/"},{"@type":"ListItem","position":2,"name":"Datenschutz"}]},{"@type":"WebSite","@id":"https:\/\/wbs2000.de\/architekt-4\/#website","url":"https:\/\/wbs2000.de\/architekt-4\/","name":"Architekt 4","description":"Website Vorlage - Architekt 4","publisher":{"@id":"https:\/\/wbs2000.de\/architekt-4\/#organization"},"potentialAction":[{"@type":"SearchAction","target":{"@type":"EntryPoint","urlTemplate":"https:\/\/wbs2000.de\/architekt-4\/?s={search_term_string}"},"query-input":"required name=search_term_string"}],"inLanguage":"de"},{"@type":"Organization","@id":"https:\/\/wbs2000.de\/architekt-4\/#organization","name":"WBS","url":"https:\/\/wbs2000.de\/architekt-4\/","sameAs":[],"logo":{"@type":"ImageObject","inLanguage":"de","@id":"https:\/\/wbs2000.de\/architekt-4\/#\/schema\/logo\/image\/","url":"https:\/\/wbs2000.de\/architekt-4\/wp-content\/uploads\/2017\/11\/logo-250.jpg","contentUrl":"https:\/\/wbs2000.de\/architekt-4\/wp-content\/uploads\/2017\/11\/logo-250.jpg","width":250,"height":60,"caption":"WBS"},"image":{"@id":"https:\/\/wbs2000.de\/architekt-4\/#\/schema\/logo\/image\/"}}]}},"_links":{"self":[{"href":"https:\/\/wbs2000.de\/architekt-4\/wp-json\/wp\/v2\/pages\/134"}],"collection":[{"href":"https:\/\/wbs2000.de\/architekt-4\/wp-json\/wp\/v2\/pages"}],"about":[{"href":"https:\/\/wbs2000.de\/architekt-4\/wp-json\/wp\/v2\/types\/page"}],"author":[{"embeddable":true,"href":"https:\/\/wbs2000.de\/architekt-4\/wp-json\/wp\/v2\/users\/1"}],"replies":[{"embeddable":true,"href":"https:\/\/wbs2000.de\/architekt-4\/wp-json\/wp\/v2\/comments?post=134"}],"version-history":[{"count":2,"href":"https:\/\/wbs2000.de\/architekt-4\/wp-json\/wp\/v2\/pages\/134\/revisions"}],"predecessor-version":[{"id":150,"href":"https:\/\/wbs2000.de\/architekt-4\/wp-json\/wp\/v2\/pages\/134\/revisions\/150"}],"wp:attachment":[{"href":"https:\/\/wbs2000.de\/architekt-4\/wp-json\/wp\/v2\/media?parent=134"}],"curies":[{"name":"wp","href":"https:\/\/api.w.org\/{rel}","templated":true}]}}